{"id":14,"date":"2023-12-31T20:05:40","date_gmt":"2023-12-31T20:05:40","guid":{"rendered":"https:\/\/www.bezpodpisu.cz\/?page_id=14"},"modified":"2024-06-03T10:30:22","modified_gmt":"2024-06-03T10:30:22","slug":"our-story","status":"publish","type":"page","link":"http:\/\/prodejrychle.cz\/index.php\/our-story\/","title":{"rendered":"Our Story"},"content":{"rendered":"\t\t<div data-elementor-type=\"wp-page\" data-elementor-id=\"14\" class=\"elementor elementor-14\" data-elementor-post-type=\"page\">\n\t\t\t\t\t\t\t\t\t<section class=\"elementor-section elementor-top-section elementor-element elementor-element-727ee237 elementor-section-boxed elementor-section-height-default elementor-section-height-default\" data-id=\"727ee237\" data-element_type=\"section\" data-settings=\"{&quot;background_background&quot;:&quot;classic&quot;}\">\n\t\t\t\t\t\t\t<div class=\"elementor-background-overlay\"><\/div>\n\t\t\t\t\t\t\t<div class=\"elementor-container elementor-column-gap-default\">\n\t\t\t\t\t<div class=\"elementor-column elementor-col-50 elementor-top-column elementor-element elementor-element-2c64327f\" data-id=\"2c64327f\" data-element_type=\"column\">\n\t\t\t<div class=\"elementor-widget-wrap\">\n\t\t\t\t\t\t\t\t\t<\/div>\n\t\t<\/div>\n\t\t\t\t<div class=\"elementor-column elementor-col-50 elementor-top-column elementor-element elementor-element-1017d1c5\" data-id=\"1017d1c5\" data-element_type=\"column\">\n\t\t\t<div class=\"elementor-widget-wrap\">\n\t\t\t\t\t\t\t\t\t<\/div>\n\t\t<\/div>\n\t\t\t\t\t\t\t<\/div>\n\t\t<\/section>\n\t\t\t\t<section class=\"elementor-section elementor-top-section elementor-element elementor-element-7ede7f89 elementor-section-boxed elementor-section-height-default elementor-section-height-default\" data-id=\"7ede7f89\" data-element_type=\"section\">\n\t\t\t\t\t\t<div class=\"elementor-container elementor-column-gap-default\">\n\t\t\t\t\t<div class=\"elementor-column elementor-col-100 elementor-top-column elementor-element elementor-element-afa475a\" data-id=\"afa475a\" data-element_type=\"column\">\n\t\t\t<div class=\"elementor-widget-wrap\">\n\t\t\t\t\t\t\t\t\t<\/div>\n\t\t<\/div>\n\t\t\t\t\t\t\t<\/div>\n\t\t<\/section>\n\t\t\t\t<section class=\"elementor-section elementor-top-section elementor-element elementor-element-2f5ded72 elementor-section-boxed elementor-section-height-default elementor-section-height-default\" data-id=\"2f5ded72\" data-element_type=\"section\">\n\t\t\t\t\t\t<div class=\"elementor-container elementor-column-gap-default\">\n\t\t\t\t\t<div class=\"elementor-column elementor-col-100 elementor-top-column elementor-element elementor-element-19b73a10\" data-id=\"19b73a10\" data-element_type=\"column\">\n\t\t\t<div class=\"elementor-widget-wrap elementor-element-populated\">\n\t\t\t\t\t\t\t\t<div class=\"elementor-element elementor-element-3a25ffaf elementor-widget elementor-widget-text-editor\" data-id=\"3a25ffaf\" data-element_type=\"widget\" data-widget_type=\"text-editor.default\">\n\t\t\t\t<div class=\"elementor-widget-container\">\n\t\t\t<style>\/*! elementor - v3.18.0 - 20-12-2023 *\/\n.elementor-widget-text-editor.elementor-drop-cap-view-stacked .elementor-drop-cap{background-color:#69727d;color:#fff}.elementor-widget-text-editor.elementor-drop-cap-view-framed .elementor-drop-cap{color:#69727d;border:3px solid;background-color:transparent}.elementor-widget-text-editor:not(.elementor-drop-cap-view-default) .elementor-drop-cap{margin-top:8px}.elementor-widget-text-editor:not(.elementor-drop-cap-view-default) .elementor-drop-cap-letter{width:1em;height:1em}.elementor-widget-text-editor .elementor-drop-cap{float:left;text-align:center;line-height:1;font-size:50px}.elementor-widget-text-editor .elementor-drop-cap-letter{display:inline-block}<\/style>\t\t\t\t<p><span style=\"font-style: inherit; font-weight: inherit; background-color: var(--ast-global-color-5); color: var( --e-global-color-text );\">1. \u00davodn\u00ed ustanoven\u00ed<\/span><\/p><p>Tyto obchodn\u00ed podm\u00ednky (d\u00e1le jen \u201ePodm\u00ednky\u201c) jsou vyd\u00e1v\u00e1ny pr\u00e1vnickou osobou Marie Pechov\u00e1, se s\u00eddlem Ostrava \u2013 Poruba, Jana Ziky 1966\/25, 70800, I\u010cO: 74937090, zapsanou u \u017divnostensk\u00e9ho \u00fa\u0159adu m\u011bsta Ostravy dne 1.9. 2009 (d\u00e1le jen \u201eSpole\u010dnost\u201c).<\/p><p>Podm\u00ednky upravuj\u00ed vz\u00e1jemn\u00e1 pr\u00e1va a povinnosti smluvn\u00edch stran v souvislosti s vyu\u017e\u00edv\u00e1n\u00edm Webov\u00e9ho port\u00e1lu www.bezpodpisu.cz (d\u00e1le jen \u201eWebov\u00fd port\u00e1l\u201c) mezi Spole\u010dnost\u00ed a u\u017eivateli (d\u00e1le jen \u201eU\u017eivatel\u201c).<\/p><p>2. Poskytovan\u00e9 slu\u017eby<\/p><p>Webov\u00fd port\u00e1l nab\u00edz\u00ed zprost\u0159edkov\u00e1n\u00ed kontaktu na realitn\u00ed makl\u00e9\u0159e s c\u00edlem ohodnocen\u00ed nebo prodeje nemovitosti na z\u00e1klad\u011b informac\u00ed zadan\u00fdch U\u017eivatelem.<\/p><p>Webov\u00fd port\u00e1l umo\u017e\u0148uje sd\u011blen\u00ed informac\u00ed o nemovitosti spolupracuj\u00edc\u00edm makl\u00e9\u0159\u016fm a realitn\u00edm agentur\u00e1m za \u00fa\u010delem zaji\u0161t\u011bn\u00ed ohodnocen\u00ed nemovitosti, nab\u00eddky prodeje \u010di nab\u00eddky jin\u00fdch slu\u017eeb.<\/p><p>3. Objedn\u00e1vky slu\u017eeb<\/p><p>Objedn\u00e1vka slu\u017eeb na Webov\u00e9m port\u00e1lu je bezplatn\u00e1, v\u010detn\u011b odhadu tr\u017en\u00ed ceny nemovitosti a prov\u00e1d\u00ed se skrz formul\u00e1\u0159.<\/p><p>Odhad tr\u017en\u00ed ceny je vypracov\u00e1n na z\u00e1klad\u011b ve\u0159ejn\u011b dostupn\u00fdch informac\u00ed nebo informac\u00ed z\u00edskan\u00fdch od t\u0159et\u00edch stran, je pouze orienta\u010dn\u00ed.<\/p><p>U\u017eivatel je povinen postupovat podle pokyn\u016f na Webov\u00e9m port\u00e1lu a vyplnit objedn\u00e1vkov\u00fd formul\u00e1\u0159, kter\u00fd obsahuje informace o objedn\u00e1van\u00e9 slu\u017eb\u011b, osobn\u00edch \u00fadaj\u00edch a nemovitostech.<\/p><p>U\u017eivatel v\u00fdslovn\u011b \u017e\u00e1d\u00e1 o kontaktov\u00e1n\u00ed ze strany Spole\u010dnosti nebo jej\u00edch spolupracuj\u00edc\u00edch partner\u016f telefonicky za \u00fa\u010delem zprost\u0159edkov\u00e1n\u00ed slu\u017eby cenov\u00e9ho odhadu nebo prodeje nemovitosti.<\/p><p>Zpracov\u00e1n\u00ed po\u017eadavku m\u016f\u017ee b\u00fdt p\u0159ed\u00e1no realitn\u00edm agentur\u00e1m, stejn\u011b jako v\u0161echny z\u00e1kazn\u00edkem zadan\u00e9 \u00fadaje.<\/p><p>P\u0159i v\u00fdb\u011bru vhodn\u00e9ho makl\u00e9\u0159e mohou b\u00fdt \u010dast\u011bji vyu\u017e\u00edvan\u00e9 n\u011bkter\u00e9 realitn\u00ed agentury v\u00edce ne\u017e jin\u00e9.<\/p><p>Provozovatel nenese \u017e\u00e1dnou odpov\u011bdnost za p\u0159\u00edpadn\u00e9 komplikace a vztahy mezi z\u00e1kazn\u00edkem a zprost\u0159edkovanou realitn\u00ed agenturou \u010di jej\u00edm z\u00e1stupcem.<\/p><p>4. Pou\u017eit\u00ed Webov\u00e9ho port\u00e1lu<\/p><p>U\u017eivatel se zavazuje poskytovat pravdiv\u00e9 a aktu\u00e1ln\u00ed informace.<\/p><p>Webov\u00fd port\u00e1l nemus\u00ed b\u00fdt dostupn\u00fd 24\/7 z d\u016fvodu \u00fadr\u017eby nebo technick\u00fdch d\u016fvod\u016f.<\/p><p>5. Pr\u00e1va a povinnosti<\/p><p>Spole\u010dnost si vyhrazuje pr\u00e1vo m\u011bnit obsah Webov\u00e9ho port\u00e1lu, p\u0159eru\u0161it jeho dostupnost pro \u00fadr\u017ebu nebo aktualizace bez p\u0159edchoz\u00edho upozorn\u011bn\u00ed.<\/p><p>U\u017eivatel souhlas\u00ed se zpracov\u00e1n\u00edm osobn\u00edch \u00fadaj\u016f dle GDPR pro \u00fa\u010dely poskytovan\u00e9 slu\u017eby a sd\u011blen\u00ed t\u011bchto osobn\u00edch a jin\u00fdch \u00fadaj\u016f t\u0159et\u00edm stran\u00e1m.<\/p><p>6. Z\u00e1kazy a omezen\u00ed<\/p><p>U\u017eivatel nesm\u00ed:<\/p><p>Vyu\u017e\u00edvat slu\u017ebu v rozporu s jej\u00edm \u00fa\u010delem, v\u010detn\u011b vyu\u017eit\u00ed na komer\u010dn\u00ed \u00fa\u010dely.<\/p><p>Zasahovat do bezpe\u010dnosti nebo technick\u00e9 podstaty Webov\u00e9ho port\u00e1lu.<\/p><p>Vytv\u00e1\u0159et data nebo software pro p\u0159\u00edstup k obsahu Webov\u00e9ho port\u00e1lu bez p\u0159edchoz\u00edho souhlasu Spole\u010dnosti.<\/p><p>7. Omezen\u00ed odpov\u011bdnosti<\/p><p>Spole\u010dnost nenese odpov\u011bdnost za p\u0159esnost odhad\u016f hodnot nemovitost\u00ed.<\/p><p>Spole\u010dnost nen\u00ed odpov\u011bdn\u00e1 za jedn\u00e1n\u00ed t\u0159et\u00edch stran, jako jsou makl\u00e9\u0159i, realitn\u00ed agentury a dal\u0161\u00ed spolupracuj\u00edc\u00ed subjekty.<\/p><p>Provozovatel tak\u00e9 nenese \u017e\u00e1dnou odpov\u011bdnost za reklamu, pop\u0159. jinou formu propagace prov\u00e1d\u011bnou jak\u00fdmkoliv t\u0159et\u00edm subjektem prost\u0159ednictv\u00edm str\u00e1nek.<\/p><p>8. Z\u00e1v\u011bre\u010dn\u00e1 ustanoven\u00ed<\/p><p>Podm\u00ednky mohou b\u00fdt kdykoliv zm\u011bn\u011bny nebo dopln\u011bny Spole\u010dnost\u00ed.<\/p><p>Aktu\u00e1ln\u00ed verze Podm\u00ednky je dostupn\u00e1 na Webov\u00e9m port\u00e1lu.<\/p><p>Tyto Podm\u00ednky nab\u00fdvaj\u00ed \u00fa\u010dinnosti dnem jejich publikace na Webov\u00e9m port\u00e1lu.<\/p><p>St\u00ed\u017enosti U\u017eivatel\u016f zaji\u0161\u0165uje Spole\u010dnost prost\u0159ednictv\u00edm e-mailu reality@bezpodpisu.cz. U\u017eivatel\u00e9 maj\u00ed pr\u00e1vo na mimosoudn\u00ed \u0159e\u0161en\u00ed spot\u0159ebitelsk\u00e9ho sporu s \u010ceskou obchodn\u00ed inspekc\u00ed (www.coi.cz).<\/p><p>Kontaktn\u00ed \u00fadaje Spole\u010dnosti: adresa pro doru\u010dov\u00e1n\u00ed Marie Pechov\u00e1, Jana Ziky 1966\/25, Ostrava 708 00, adresa elektronick\u00e9 po\u0161ty reality@bezpodpisu.cz.<\/p><p>9. Dal\u0161\u00ed d\u016fle\u017eit\u00e9 informace<\/p><p>Neplatnost jednoho ustanoven\u00ed neovlivn\u00ed platnost ostatn\u00edch ustanoven\u00ed.<\/p><p><span style=\"background-color: var(--ast-global-color-5);\">V Ostrav\u011b dne 23. 4. 2024, Marie Pechov\u00e1.<\/span><\/p>\t\t\t\t\t\t<\/div>\n\t\t\t\t<\/div>\n\t\t\t\t\t<\/div>\n\t\t<\/div>\n\t\t\t\t\t\t\t<\/div>\n\t\t<\/section>\n\t\t\t\t\t\t\t<\/div>\n\t\t","protected":false},"excerpt":{"rendered":"<p>1. \u00davodn\u00ed ustanoven\u00ed Tyto obchodn\u00ed podm\u00ednky (d\u00e1le jen \u201ePodm\u00ednky\u201c) jsou vyd\u00e1v\u00e1ny pr\u00e1vnickou osobou Marie Pechov\u00e1, se s\u00eddlem Ostrava \u2013 Poruba, Jana Ziky 1966\/25, 70800, I\u010cO: 74937090, zapsanou u \u017divnostensk\u00e9ho \u00fa\u0159adu m\u011bsta Ostravy dne 1.9. 2009 (d\u00e1le jen \u201eSpole\u010dnost\u201c). Podm\u00ednky upravuj\u00ed vz\u00e1jemn\u00e1 pr\u00e1va a povinnosti smluvn\u00edch stran v souvislosti s vyu\u017e\u00edv\u00e1n\u00edm Webov\u00e9ho port\u00e1lu www.bezpodpisu.cz (d\u00e1le jen &hellip;<\/p>\n<p class=\"read-more\"> <a class=\"\" href=\"http:\/\/prodejrychle.cz\/index.php\/our-story\/\"> <span class=\"screen-reader-text\">Our Story<\/span> Read More &raquo;<\/a><\/p>\n","protected":false},"author":1,"featured_media":0,"parent":0,"menu_order":0,"comment_status":"closed","ping_status":"closed","template":"","meta":{"site-sidebar-layout":"no-sidebar","site-content-layout":"","ast-site-content-layout":"full-width-container","site-content-style":"default","site-sidebar-style":"default","ast-global-header-display":"","ast-banner-title-visibility":"","ast-main-header-display":"","ast-hfb-above-header-display":"","ast-hfb-below-header-display":"","ast-hfb-mobile-header-display":"","site-post-title":"disabled","ast-breadcrumbs-content":"","ast-featured-img":"disabled","footer-sml-layout":"","theme-transparent-header-meta":"","adv-header-id-meta":"","stick-header-meta":"","header-above-stick-meta":"","header-main-stick-meta":"","header-below-stick-meta":"","astra-migrate-meta-layouts":"default","ast-page-background-enabled":"default","ast-page-background-meta":{"desktop":{"background-color":"var(--ast-global-color-4)","background-image":"","background-repeat":"repeat","background-position":"center center","background-size":"auto","background-attachment":"scroll","background-type":"","background-media":"","overlay-type":"","overlay-color":"","overlay-gradient":""},"tablet":{"background-color":"","background-image":"","background-repeat":"repeat","background-position":"center center","background-size":"auto","background-attachment":"scroll","background-type":"","background-media":"","overlay-type":"","overlay-color":"","overlay-gradient":""},"mobile":{"background-color":"","background-image":"","background-repeat":"repeat","background-position":"center center","background-size":"auto","background-attachment":"scroll","background-type":"","background-media":"","overlay-type":"","overlay-color":"","overlay-gradient":""}},"ast-content-background-meta":{"desktop":{"background-color":"var(--ast-global-color-5)","background-image":"","background-repeat":"repeat","background-position":"center center","background-size":"auto","background-attachment":"scroll","background-type":"","background-media":"","overlay-type":"","overlay-color":"","overlay-gradient":""},"tablet":{"background-color":"var(--ast-global-color-5)","background-image":"","background-repeat":"repeat","background-position":"center center","background-size":"auto","background-attachment":"scroll","background-type":"","background-media":"","overlay-type":"","overlay-color":"","overlay-gradient":""},"mobile":{"background-color":"var(--ast-global-color-5)","background-image":"","background-repeat":"repeat","background-position":"center center","background-size":"auto","background-attachment":"scroll","background-type":"","background-media":"","overlay-type":"","overlay-color":"","overlay-gradient":""}},"footnotes":""},"class_list":["post-14","page","type-page","status-publish","hentry"],"_links":{"self":[{"href":"http:\/\/prodejrychle.cz\/index.php\/wp-json\/wp\/v2\/pages\/14","targetHints":{"allow":["GET"]}}],"collection":[{"href":"http:\/\/prodejrychle.cz\/index.php\/wp-json\/wp\/v2\/pages"}],"about":[{"href":"http:\/\/prodejrychle.cz\/index.php\/wp-json\/wp\/v2\/types\/page"}],"author":[{"embeddable":true,"href":"http:\/\/prodejrychle.cz\/index.php\/wp-json\/wp\/v2\/users\/1"}],"replies":[{"embeddable":true,"href":"http:\/\/prodejrychle.cz\/index.php\/wp-json\/wp\/v2\/comments?post=14"}],"version-history":[{"count":16,"href":"http:\/\/prodejrychle.cz\/index.php\/wp-json\/wp\/v2\/pages\/14\/revisions"}],"predecessor-version":[{"id":552,"href":"http:\/\/prodejrychle.cz\/index.php\/wp-json\/wp\/v2\/pages\/14\/revisions\/552"}],"wp:attachment":[{"href":"http:\/\/prodejrychle.cz\/index.php\/wp-json\/wp\/v2\/media?parent=14"}],"curies":[{"name":"wp","href":"https:\/\/api.w.org\/{rel}","templated":true}]}}